{"id":1778,"date":"2021-05-12T18:07:29","date_gmt":"2021-05-12T18:07:29","guid":{"rendered":"https:\/\/v2.fusedeck.com\/?page_id=1778"},"modified":"2024-11-07T16:50:15","modified_gmt":"2024-11-07T14:50:15","slug":"impressum","status":"publish","type":"page","link":"https:\/\/fusedeck.com\/de\/impressum\/","title":{"rendered":"Impressum"},"content":{"rendered":"\t\t<div data-elementor-type=\"wp-page\" data-elementor-id=\"1778\" class=\"elementor elementor-1778\" data-elementor-post-type=\"page\">\n\t\t\t\t\t\t<section class=\"elementor-section elementor-top-section elementor-element elementor-element-65c4782 elementor-section-boxed elementor-section-height-default elementor-section-height-default\" data-id=\"65c4782\" data-element_type=\"section\">\n\t\t\t\t\t\t<div class=\"elementor-container elementor-column-gap-default\">\n\t\t\t\t\t<div class=\"elementor-column elementor-col-100 elementor-top-column elementor-element elementor-element-3edcddf\" data-id=\"3edcddf\" data-element_type=\"column\">\n\t\t\t<div class=\"elementor-widget-wrap elementor-element-populated\">\n\t\t\t\t\t\t<div class=\"elementor-element elementor-element-4083a63 elementor-widget elementor-widget-heading\" data-id=\"4083a63\" data-element_type=\"widget\" data-widget_type=\"heading.default\">\n\t\t\t\t<div class=\"elementor-widget-container\">\n\t\t\t<h2 class=\"elementor-heading-title elementor-size-default\">Impressum<\/h2>\t\t<\/div>\n\t\t\t\t<\/div>\n\t\t\t\t\t<\/div>\n\t\t<\/div>\n\t\t\t\t\t<\/div>\n\t\t<\/section>\n\t\t\t\t<section class=\"elementor-section elementor-top-section elementor-element elementor-element-2036cb2 elementor-section-boxed elementor-section-height-default elementor-section-height-default\" data-id=\"2036cb2\" data-element_type=\"section\">\n\t\t\t\t\t\t<div class=\"elementor-container elementor-column-gap-default\">\n\t\t\t\t\t<div class=\"elementor-column elementor-col-100 elementor-top-column elementor-element elementor-element-bf7569a\" data-id=\"bf7569a\" data-element_type=\"column\">\n\t\t\t<div class=\"elementor-widget-wrap elementor-element-populated\">\n\t\t\t\t\t\t<div class=\"elementor-element elementor-element-554d119 elementor-widget elementor-widget-text-editor\" data-id=\"554d119\" data-element_type=\"widget\" data-widget_type=\"text-editor.default\">\n\t\t\t\t<div class=\"elementor-widget-container\">\n\t\t\t\t\t\t\t<p style=\"text-align: left;\">cptr AG\nL\u00f6wenstrasse 3\n8001 Z\u00fcrich\nSchweiz<\/p>\n<p style=\"text-align: left;\">MWSt.-Nummer: CHE-429.589.107 MWST\nUID-Nummer: CHE-429.589.107<\/p>\n<p style=\"text-align: left;\"><b>Gr\u00fcnder<\/b>\n<a href=\"https:\/\/www.linkedin.com\/in\/michel-lazecki-1216773\/\" target=\"_blank\" rel=\"noopener\">Michel Lazecki<\/a>\n<a href=\"https:\/\/www.linkedin.com\/in\/sandro-albin-906b7719\/\" target=\"_blank\" rel=\"noopener\">Sandro Albin<\/a>\n<a href=\"https:\/\/www.linkedin.com\/in\/franz-d-huc-b64140a\/\" target=\"_blank\" rel=\"noopener\">Franz d\u2019Huc<\/a><\/p>\n<p style=\"text-align: left;\"><b>Bankverbindung<\/b>\nZ\u00fcrcher Kantonalbank\nCH-8010 Z\u00fcrich\nIBAN: CH33 0070 0110 0061 4535 5\nBIC: ZKBKCHZZ80A<\/p>\n<p style=\"text-align: left;\"><b>Kontakt<\/b>\nTel: +41 (0)44 220 14 14\nEmail: info@fusedeck.com<\/p>\t\t\t\t\t\t<\/div>\n\t\t\t\t<\/div>\n\t\t\t\t\t<\/div>\n\t\t<\/div>\n\t\t\t\t\t<\/div>\n\t\t<\/section>\n\t\t\t\t<\/div>\n\t\t","protected":false},"excerpt":{"rendered":"<p>Impressum cptr AG L\u00f6wenstrasse 3 8001 Z\u00fcrich Schweiz MWSt.-Nummer: CHE-429.589.107 MWST UID-Nummer: CHE-429.589.107 Gr\u00fcnder Michel Lazecki Sandro Albin Franz d\u2019Huc Bankverbindung Z\u00fcrcher Kantonalbank CH-8010 Z\u00fcrich IBAN: CH33 0070 0110 0061 4535 5 BIC: ZKBKCHZZ80A Kontakt Tel: +41 (0)44 220 14 &hellip; <a href=\"https:\/\/fusedeck.com\/de\/impressum\/\">Read More<\/a><\/p>\n","protected":false},"author":4,"featured_media":0,"parent":0,"menu_order":0,"comment_status":"closed","ping_status":"closed","template":"","meta":{"footnotes":""},"class_list":["post-1778","page","type-page","status-publish","hentry"],"yoast_head":"<!-- This site is optimized with the Yoast SEO plugin v23.4 - https:\/\/yoast.com\/wordpress\/plugins\/seo\/ -->\n<title>Impressum - fusedeck<\/title>\n<meta name=\"robots\" content=\"index, follow, max-snippet:-1, max-image-preview:large, max-video-preview:-1\" \/>\n<link rel=\"canonical\" href=\"https:\/\/fusedeck.com\/de\/impressum\/\" \/>\n<meta property=\"og:locale\" content=\"de_DE\" \/>\n<meta property=\"og:type\" content=\"article\" \/>\n<meta property=\"og:title\" content=\"Impressum - fusedeck\" \/>\n<meta property=\"og:description\" content=\"Impressum cptr AG L\u00f6wenstrasse 3 8001 Z\u00fcrich Schweiz MWSt.-Nummer: CHE-429.589.107 MWST UID-Nummer: CHE-429.589.107 Gr\u00fcnder Michel Lazecki Sandro Albin Franz d\u2019Huc Bankverbindung Z\u00fcrcher Kantonalbank CH-8010 Z\u00fcrich IBAN: CH33 0070 0110 0061 4535 5 BIC: ZKBKCHZZ80A Kontakt Tel: +41 (0)44 220 14 &hellip; Read More\" \/>\n<meta property=\"og:url\" content=\"https:\/\/fusedeck.com\/de\/impressum\/\" \/>\n<meta property=\"og:site_name\" content=\"fusedeck\" \/>\n<meta property=\"article:modified_time\" content=\"2024-11-07T14:50:15+00:00\" \/>\n<meta property=\"og:image\" content=\"https:\/\/fusedeck.com\/wp-content\/uploads\/2023\/03\/fusedeck_og-image1-3.png\" \/>\n\t<meta property=\"og:image:width\" content=\"1200\" \/>\n\t<meta property=\"og:image:height\" content=\"630\" \/>\n\t<meta property=\"og:image:type\" content=\"image\/png\" \/>\n<meta name=\"twitter:card\" content=\"summary_large_image\" \/>\n<meta name=\"twitter:label1\" content=\"Gesch\u00e4tzte Lesezeit\" \/>\n\t<meta name=\"twitter:data1\" content=\"1\u00a0Minute\" \/>\n<script type=\"application\/ld+json\" class=\"yoast-schema-graph\">{\"@context\":\"https:\/\/schema.org\",\"@graph\":[{\"@type\":\"WebPage\",\"@id\":\"https:\/\/fusedeck.com\/de\/impressum\/\",\"url\":\"https:\/\/fusedeck.com\/de\/impressum\/\",\"name\":\"Impressum - fusedeck\",\"isPartOf\":{\"@id\":\"https:\/\/fusedeck.com\/de\/#website\"},\"datePublished\":\"2021-05-12T18:07:29+00:00\",\"dateModified\":\"2024-11-07T14:50:15+00:00\",\"breadcrumb\":{\"@id\":\"https:\/\/fusedeck.com\/de\/impressum\/#breadcrumb\"},\"inLanguage\":\"de\",\"potentialAction\":[{\"@type\":\"ReadAction\",\"target\":[\"https:\/\/fusedeck.com\/de\/impressum\/\"]}]},{\"@type\":\"BreadcrumbList\",\"@id\":\"https:\/\/fusedeck.com\/de\/impressum\/#breadcrumb\",\"itemListElement\":[{\"@type\":\"ListItem\",\"position\":1,\"name\":\"Home\",\"item\":\"https:\/\/fusedeck.com\/de\/\"},{\"@type\":\"ListItem\",\"position\":2,\"name\":\"Impressum\"}]},{\"@type\":\"WebSite\",\"@id\":\"https:\/\/fusedeck.com\/de\/#website\",\"url\":\"https:\/\/fusedeck.com\/de\/\",\"name\":\"fusedeck\",\"description\":\"engagement tracking, tag manager, audience builder, campaign manager and website analytics\",\"publisher\":{\"@id\":\"https:\/\/fusedeck.com\/de\/#organization\"},\"potentialAction\":[{\"@type\":\"SearchAction\",\"target\":{\"@type\":\"EntryPoint\",\"urlTemplate\":\"https:\/\/fusedeck.com\/de\/?s={search_term_string}\"},\"query-input\":{\"@type\":\"PropertyValueSpecification\",\"valueRequired\":true,\"valueName\":\"search_term_string\"}}],\"inLanguage\":\"de\"},{\"@type\":\"Organization\",\"@id\":\"https:\/\/fusedeck.com\/de\/#organization\",\"name\":\"fusedeck\",\"url\":\"https:\/\/fusedeck.com\/de\/\",\"logo\":{\"@type\":\"ImageObject\",\"inLanguage\":\"de\",\"@id\":\"https:\/\/fusedeck.com\/de\/#\/schema\/logo\/image\/\",\"url\":\"https:\/\/fusedeck.com\/wp-content\/uploads\/2024\/08\/fusedeck_negative_transparent_gepfaded.svg\",\"contentUrl\":\"https:\/\/fusedeck.com\/wp-content\/uploads\/2024\/08\/fusedeck_negative_transparent_gepfaded.svg\",\"width\":1393,\"height\":360,\"caption\":\"fusedeck\"},\"image\":{\"@id\":\"https:\/\/fusedeck.com\/de\/#\/schema\/logo\/image\/\"}}]}<\/script>\n<!-- \/ Yoast SEO plugin. -->","yoast_head_json":{"title":"Impressum - fusedeck","robots":{"index":"index","follow":"follow","max-snippet":"max-snippet:-1","max-image-preview":"max-image-preview:large","max-video-preview":"max-video-preview:-1"},"canonical":"https:\/\/fusedeck.com\/de\/impressum\/","og_locale":"de_DE","og_type":"article","og_title":"Impressum - fusedeck","og_description":"Impressum cptr AG L\u00f6wenstrasse 3 8001 Z\u00fcrich Schweiz MWSt.-Nummer: CHE-429.589.107 MWST UID-Nummer: CHE-429.589.107 Gr\u00fcnder Michel Lazecki Sandro Albin Franz d\u2019Huc Bankverbindung Z\u00fcrcher Kantonalbank CH-8010 Z\u00fcrich IBAN: CH33 0070 0110 0061 4535 5 BIC: ZKBKCHZZ80A Kontakt Tel: +41 (0)44 220 14 &hellip; Read More","og_url":"https:\/\/fusedeck.com\/de\/impressum\/","og_site_name":"fusedeck","article_modified_time":"2024-11-07T14:50:15+00:00","og_image":[{"width":1200,"height":630,"url":"https:\/\/fusedeck.com\/wp-content\/uploads\/2023\/03\/fusedeck_og-image1-3.png","type":"image\/png"}],"twitter_card":"summary_large_image","twitter_misc":{"Gesch\u00e4tzte Lesezeit":"1\u00a0Minute"},"schema":{"@context":"https:\/\/schema.org","@graph":[{"@type":"WebPage","@id":"https:\/\/fusedeck.com\/de\/impressum\/","url":"https:\/\/fusedeck.com\/de\/impressum\/","name":"Impressum - fusedeck","isPartOf":{"@id":"https:\/\/fusedeck.com\/de\/#website"},"datePublished":"2021-05-12T18:07:29+00:00","dateModified":"2024-11-07T14:50:15+00:00","breadcrumb":{"@id":"https:\/\/fusedeck.com\/de\/impressum\/#breadcrumb"},"inLanguage":"de","potentialAction":[{"@type":"ReadAction","target":["https:\/\/fusedeck.com\/de\/impressum\/"]}]},{"@type":"BreadcrumbList","@id":"https:\/\/fusedeck.com\/de\/impressum\/#breadcrumb","itemListElement":[{"@type":"ListItem","position":1,"name":"Home","item":"https:\/\/fusedeck.com\/de\/"},{"@type":"ListItem","position":2,"name":"Impressum"}]},{"@type":"WebSite","@id":"https:\/\/fusedeck.com\/de\/#website","url":"https:\/\/fusedeck.com\/de\/","name":"fusedeck","description":"engagement tracking, tag manager, audience builder, campaign manager and website analytics","publisher":{"@id":"https:\/\/fusedeck.com\/de\/#organization"},"potentialAction":[{"@type":"SearchAction","target":{"@type":"EntryPoint","urlTemplate":"https:\/\/fusedeck.com\/de\/?s={search_term_string}"},"query-input":{"@type":"PropertyValueSpecification","valueRequired":true,"valueName":"search_term_string"}}],"inLanguage":"de"},{"@type":"Organization","@id":"https:\/\/fusedeck.com\/de\/#organization","name":"fusedeck","url":"https:\/\/fusedeck.com\/de\/","logo":{"@type":"ImageObject","inLanguage":"de","@id":"https:\/\/fusedeck.com\/de\/#\/schema\/logo\/image\/","url":"https:\/\/fusedeck.com\/wp-content\/uploads\/2024\/08\/fusedeck_negative_transparent_gepfaded.svg","contentUrl":"https:\/\/fusedeck.com\/wp-content\/uploads\/2024\/08\/fusedeck_negative_transparent_gepfaded.svg","width":1393,"height":360,"caption":"fusedeck"},"image":{"@id":"https:\/\/fusedeck.com\/de\/#\/schema\/logo\/image\/"}}]}},"_links":{"self":[{"href":"https:\/\/fusedeck.com\/de\/wp-json\/wp\/v2\/pages\/1778","targetHints":{"allow":["GET"]}}],"collection":[{"href":"https:\/\/fusedeck.com\/de\/wp-json\/wp\/v2\/pages"}],"about":[{"href":"https:\/\/fusedeck.com\/de\/wp-json\/wp\/v2\/types\/page"}],"author":[{"embeddable":true,"href":"https:\/\/fusedeck.com\/de\/wp-json\/wp\/v2\/users\/4"}],"replies":[{"embeddable":true,"href":"https:\/\/fusedeck.com\/de\/wp-json\/wp\/v2\/comments?post=1778"}],"version-history":[{"count":22,"href":"https:\/\/fusedeck.com\/de\/wp-json\/wp\/v2\/pages\/1778\/revisions"}],"predecessor-version":[{"id":10259,"href":"https:\/\/fusedeck.com\/de\/wp-json\/wp\/v2\/pages\/1778\/revisions\/10259"}],"wp:attachment":[{"href":"https:\/\/fusedeck.com\/de\/wp-json\/wp\/v2\/media?parent=1778"}],"curies":[{"name":"wp","href":"https:\/\/api.w.org\/{rel}","templated":true}]}}