{"id":1846,"date":"2021-05-13T14:28:05","date_gmt":"2021-05-13T14:28:05","guid":{"rendered":"https:\/\/v2.fusedeck.com\/?page_id=1846"},"modified":"2025-06-19T16:51:00","modified_gmt":"2025-06-19T14:51:00","slug":"jobs","status":"publish","type":"page","link":"https:\/\/fusedeck.com\/de\/ueber-uns\/jobs\/","title":{"rendered":"Jobs"},"content":{"rendered":"\t\t<div data-elementor-type=\"wp-page\" data-elementor-id=\"1846\" class=\"elementor elementor-1846\" data-elementor-post-type=\"page\">\n\t\t\t\t\t\t<section class=\"elementor-section elementor-top-section elementor-element elementor-element-f6f8697 elementor-section-boxed elementor-section-height-default elementor-section-height-default\" data-id=\"f6f8697\" data-element_type=\"section\">\n\t\t\t\t\t\t<div class=\"elementor-container elementor-column-gap-default\">\n\t\t\t\t\t<div class=\"elementor-column elementor-col-100 elementor-top-column elementor-element elementor-element-ebaebd3\" data-id=\"ebaebd3\" data-element_type=\"column\">\n\t\t\t<div class=\"elementor-widget-wrap elementor-element-populated\">\n\t\t\t\t\t\t<div class=\"elementor-element elementor-element-471a2eb elementor-widget elementor-widget-heading\" data-id=\"471a2eb\" data-element_type=\"widget\" data-widget_type=\"heading.default\">\n\t\t\t\t<div class=\"elementor-widget-container\">\n\t\t\t<h2 class=\"elementor-heading-title elementor-size-default\">Jobs<\/h2>\t\t<\/div>\n\t\t\t\t<\/div>\n\t\t\t\t\t<\/div>\n\t\t<\/div>\n\t\t\t\t\t<\/div>\n\t\t<\/section>\n\t\t\t\t<section class=\"elementor-section elementor-top-section elementor-element elementor-element-2090f9f elementor-section-boxed elementor-section-height-default elementor-section-height-default\" data-id=\"2090f9f\" data-element_type=\"section\">\n\t\t\t\t\t\t<div class=\"elementor-container elementor-column-gap-default\">\n\t\t\t\t\t<div class=\"elementor-column elementor-col-100 elementor-top-column elementor-element elementor-element-d2c2ee4\" data-id=\"d2c2ee4\" data-element_type=\"column\">\n\t\t\t<div class=\"elementor-widget-wrap elementor-element-populated\">\n\t\t\t\t\t\t<div class=\"elementor-element elementor-element-b722ec8 elementor-widget elementor-widget-heading\" data-id=\"b722ec8\" data-element_type=\"widget\" data-widget_type=\"heading.default\">\n\t\t\t\t<div class=\"elementor-widget-container\">\n\t\t\t<h4 class=\"elementor-heading-title elementor-size-default\">Werde Teil unseres Teams<\/h4>\t\t<\/div>\n\t\t\t\t<\/div>\n\t\t\t\t\t<\/div>\n\t\t<\/div>\n\t\t\t\t\t<\/div>\n\t\t<\/section>\n\t\t\t\t<section class=\"elementor-section elementor-top-section elementor-element elementor-element-44bc644 elementor-section-boxed elementor-section-height-default elementor-section-height-default\" data-id=\"44bc644\" data-element_type=\"section\">\n\t\t\t\t\t\t<div class=\"elementor-container elementor-column-gap-default\">\n\t\t\t\t\t<div class=\"elementor-column elementor-col-100 elementor-top-column elementor-element elementor-element-c79fee6\" data-id=\"c79fee6\" data-element_type=\"column\">\n\t\t\t<div class=\"elementor-widget-wrap elementor-element-populated\">\n\t\t\t\t\t\t<div class=\"elementor-element elementor-element-6307dfc elementor-widget elementor-widget-text-editor\" data-id=\"6307dfc\" data-element_type=\"widget\" data-widget_type=\"text-editor.default\">\n\t\t\t\t<div class=\"elementor-widget-container\">\n\t\t\t\t\t\t\t<p>Du hast kein Stellenangebot gefunden, das zu Deinem Profil passt? Dann schicke uns gerne Deine aussagekr\u00e4ftige Initiativbewerbung und wir werden uns zeitnah mit Dir in Verbindung setzen. Bewerbung an: marina.albin@cptr.com<\/p>\t\t\t\t\t\t<\/div>\n\t\t\t\t<\/div>\n\t\t\t\t\t<\/div>\n\t\t<\/div>\n\t\t\t\t\t<\/div>\n\t\t<\/section>\n\t\t\t\t<section class=\"elementor-section elementor-top-section elementor-element elementor-element-4f60eef elementor-section-boxed elementor-section-height-default elementor-section-height-default\" data-id=\"4f60eef\" data-element_type=\"section\">\n\t\t\t\t\t\t<div class=\"elementor-container elementor-column-gap-default\">\n\t\t\t\t\t<div class=\"elementor-column elementor-col-100 elementor-top-column elementor-element elementor-element-536d0ae\" data-id=\"536d0ae\" data-element_type=\"column\">\n\t\t\t<div class=\"elementor-widget-wrap elementor-element-populated\">\n\t\t\t\t\t\t<div class=\"elementor-element elementor-element-ed8cd1e elementor-widget elementor-widget-heading\" data-id=\"ed8cd1e\" data-element_type=\"widget\" data-widget_type=\"heading.default\">\n\t\t\t\t<div class=\"elementor-widget-container\">\n\t\t\t<h4 class=\"elementor-heading-title elementor-size-default\">Was dich erwartet<\/h4>\t\t<\/div>\n\t\t\t\t<\/div>\n\t\t\t\t\t<\/div>\n\t\t<\/div>\n\t\t\t\t\t<\/div>\n\t\t<\/section>\n\t\t\t\t<section class=\"elementor-section elementor-top-section elementor-element elementor-element-458f3ec elementor-section-boxed elementor-section-height-default elementor-section-height-default\" data-id=\"458f3ec\" data-element_type=\"section\">\n\t\t\t\t\t\t<div class=\"elementor-container elementor-column-gap-default\">\n\t\t\t\t\t<div class=\"elementor-column elementor-col-50 elementor-top-column elementor-element elementor-element-3c251d6\" data-id=\"3c251d6\" data-element_type=\"column\">\n\t\t\t<div class=\"elementor-widget-wrap elementor-element-populated\">\n\t\t\t\t\t\t<div class=\"elementor-element elementor-element-6db03a2 elementor-widget elementor-widget-heading\" data-id=\"6db03a2\" data-element_type=\"widget\" data-widget_type=\"heading.default\">\n\t\t\t\t<div class=\"elementor-widget-container\">\n\t\t\t<h6 class=\"elementor-heading-title elementor-size-default\">Unsere Software\n<\/h6>\t\t<\/div>\n\t\t\t\t<\/div>\n\t\t\t\t<div class=\"elementor-element elementor-element-0bac02b elementor-widget elementor-widget-text-editor\" data-id=\"0bac02b\" data-element_type=\"widget\" data-widget_type=\"text-editor.default\">\n\t\t\t\t<div class=\"elementor-widget-container\">\n\t\t\t\t\t\t\t<ul><li>Vielseitige Analytics Software<\/li><li>Performante Verarbeitung von vielen Daten<\/li><\/ul>\t\t\t\t\t\t<\/div>\n\t\t\t\t<\/div>\n\t\t\t\t<div class=\"elementor-element elementor-element-aa98879 elementor-widget elementor-widget-heading\" data-id=\"aa98879\" data-element_type=\"widget\" data-widget_type=\"heading.default\">\n\t\t\t\t<div class=\"elementor-widget-container\">\n\t\t\t<h6 class=\"elementor-heading-title elementor-size-default\">Modernste Technologien\n<\/h6>\t\t<\/div>\n\t\t\t\t<\/div>\n\t\t\t\t<div class=\"elementor-element elementor-element-3666e32 elementor-widget elementor-widget-text-editor\" data-id=\"3666e32\" data-element_type=\"widget\" data-widget_type=\"text-editor.default\">\n\t\t\t\t<div class=\"elementor-widget-container\">\n\t\t\t\t\t\t\t<ul>\n<li>NX Monorepo<\/li>\n<li>Svelte micro frontend<\/li>\n<li>Node.js&nbsp;micro service<\/li>\n<li>CI\/CD (GitLab)<\/li>\n<li>Semantic Versioning<\/li>\n<li>GitOps<\/li>\n<li>Kubernetes<\/li>\n<li>Docker<\/li>\n<\/ul>\t\t\t\t\t\t<\/div>\n\t\t\t\t<\/div>\n\t\t\t\t<div class=\"elementor-element elementor-element-35e87d5 elementor-widget elementor-widget-heading\" data-id=\"35e87d5\" data-element_type=\"widget\" data-widget_type=\"heading.default\">\n\t\t\t\t<div class=\"elementor-widget-container\">\n\t\t\t<h6 class=\"elementor-heading-title elementor-size-default\">Programmiersprache\n<\/h6>\t\t<\/div>\n\t\t\t\t<\/div>\n\t\t\t\t<div class=\"elementor-element elementor-element-485d5c9 elementor-widget elementor-widget-text-editor\" data-id=\"485d5c9\" data-element_type=\"widget\" data-widget_type=\"text-editor.default\">\n\t\t\t\t<div class=\"elementor-widget-container\">\n\t\t\t\t\t\t\t<ul><li>TypeScript<\/li><\/ul>\t\t\t\t\t\t<\/div>\n\t\t\t\t<\/div>\n\t\t\t\t\t<\/div>\n\t\t<\/div>\n\t\t\t\t<div class=\"elementor-column elementor-col-50 elementor-top-column elementor-element elementor-element-cb32636\" data-id=\"cb32636\" data-element_type=\"column\">\n\t\t\t<div class=\"elementor-widget-wrap elementor-element-populated\">\n\t\t\t\t\t\t<div class=\"elementor-element elementor-element-d18a12a elementor-widget elementor-widget-heading\" data-id=\"d18a12a\" data-element_type=\"widget\" data-widget_type=\"heading.default\">\n\t\t\t\t<div class=\"elementor-widget-container\">\n\t\t\t<h6 class=\"elementor-heading-title elementor-size-default\">Work Environment\n<\/h6>\t\t<\/div>\n\t\t\t\t<\/div>\n\t\t\t\t<div class=\"elementor-element elementor-element-2eb0866 elementor-widget elementor-widget-text-editor\" data-id=\"2eb0866\" data-element_type=\"widget\" data-widget_type=\"text-editor.default\">\n\t\t\t\t<div class=\"elementor-widget-container\">\n\t\t\t\t\t\t\t<ul><li>State-of-the-art Device &#8211; Nutzung pr\u00e4ferierter Ger\u00e4te<\/li><li>W\u00e4hle die\u00a0ideale Software f\u00fcr Deine Aufgaben<\/li><li>Flache Hierarchie \u2013 offen f\u00fcr Deine Ideen und Inputs<\/li><\/ul>\t\t\t\t\t\t<\/div>\n\t\t\t\t<\/div>\n\t\t\t\t<div class=\"elementor-element elementor-element-5d223b4 elementor-widget elementor-widget-heading\" data-id=\"5d223b4\" data-element_type=\"widget\" data-widget_type=\"heading.default\">\n\t\t\t\t<div class=\"elementor-widget-container\">\n\t\t\t<h6 class=\"elementor-heading-title elementor-size-default\">Benefits\n<\/h6>\t\t<\/div>\n\t\t\t\t<\/div>\n\t\t\t\t<div class=\"elementor-element elementor-element-904d95c elementor-widget elementor-widget-text-editor\" data-id=\"904d95c\" data-element_type=\"widget\" data-widget_type=\"text-editor.default\">\n\t\t\t\t<div class=\"elementor-widget-container\">\n\t\t\t\t\t\t\t<ul><li>Zentraler Arbeitsplatz im Herzen von Z\u00fcrich<\/li><li>Vielseitige Entwicklungsm\u00f6glichkeiten und entsprechende Aufstiegs-Chancen<\/li><li>Teambuilding Events und regelm\u00e4ssige Ap\u00e9ros und Teamlunches<\/li><li>Tolle Vorsorgeleistung<\/li><li>Flache Hierarchien, kurze Entscheidungswege, dynamisches Umfeld<\/li><li>Stehpult &amp; Klimaanlage<\/li><li>Home Office M\u00f6glichkeiten<\/li><li>Unkomplizierte Ferienplanung<\/li><\/ul>\t\t\t\t\t\t<\/div>\n\t\t\t\t<\/div>\n\t\t\t\t\t<\/div>\n\t\t<\/div>\n\t\t\t\t\t<\/div>\n\t\t<\/section>\n\t\t\t\t<section class=\"elementor-section elementor-top-section elementor-element elementor-element-05e1392 elementor-section-boxed elementor-section-height-default elementor-section-height-default\" data-id=\"05e1392\" data-element_type=\"section\">\n\t\t\t\t\t\t<div class=\"elementor-container elementor-column-gap-default\">\n\t\t\t\t\t<div class=\"elementor-column elementor-col-100 elementor-top-column elementor-element elementor-element-b1c0336\" data-id=\"b1c0336\" data-element_type=\"column\">\n\t\t\t<div class=\"elementor-widget-wrap elementor-element-populated\">\n\t\t\t\t\t\t<div class=\"elementor-element elementor-element-7a24259 elementor-widget elementor-widget-heading\" data-id=\"7a24259\" data-element_type=\"widget\" data-widget_type=\"heading.default\">\n\t\t\t\t<div class=\"elementor-widget-container\">\n\t\t\t<h4 class=\"elementor-heading-title elementor-size-default\">Unsere Werte<\/h4>\t\t<\/div>\n\t\t\t\t<\/div>\n\t\t\t\t\t<\/div>\n\t\t<\/div>\n\t\t\t\t\t<\/div>\n\t\t<\/section>\n\t\t\t\t<section class=\"elementor-section elementor-top-section elementor-element elementor-element-32cb2c5 elementor-section-boxed elementor-section-height-default elementor-section-height-default\" data-id=\"32cb2c5\" data-element_type=\"section\">\n\t\t\t\t\t\t<div class=\"elementor-container elementor-column-gap-default\">\n\t\t\t\t\t<div class=\"elementor-column elementor-col-100 elementor-top-column elementor-element elementor-element-9b786b9\" data-id=\"9b786b9\" data-element_type=\"column\">\n\t\t\t<div class=\"elementor-widget-wrap elementor-element-populated\">\n\t\t\t\t\t\t<div class=\"elementor-element elementor-element-011ffb5 elementor-widget elementor-widget-text-editor\" data-id=\"011ffb5\" data-element_type=\"widget\" data-widget_type=\"text-editor.default\">\n\t\t\t\t<div class=\"elementor-widget-container\">\n\t\t\t\t\t\t\t<ul><li>Unsere Mission ist es, Tracking und Analyse zu vereinfachen und unseren Kunden gleichzeitig Einblicke auf einer ganz neuen Ebene zu verschaffen. Uns geht es nicht um Hochglanz-PowerPoint-Charts, sondern um wirklich relevante Erkenntnisse, die dir dabei helfen, die richtigen Entscheidungen f\u00fcr dein Business zu treffen.<\/li><li>Mit der Power einer Enterprise Solution und der Einfachheit eines Self-Service-Tools.<\/li><li>Wir sind der Meinung, dass die Anwendung eines Analyse-Tools keine Entwickler-Ressourcen erfordern sollte. fusedeck ist leistungsstark und einfach zu bedienen, nur so k\u00f6nnen wir sicherstellen, dass unsere Kunden gerne damit arbeiten und den gr\u00f6ssten Mehrwert aus der Technologie sch\u00f6pfen.<\/li><li><strong>Data Ownership<\/strong> und Transparenz sind f\u00fcr uns Grundvoraussetzungen in der Zusammenarbeit mit unseren Kunden. Im Unterschied zu anderen Anbietern nutzt fusedeck die Daten nicht zu eigenen Zwecken. Die Daten geh\u00f6ren immer und ausschliesslich dem Kunden.<\/li><li>Welche Daten ein Kunde sammelt, bestimmt der Kunde alleine mit seinem Setup. Der Kunde bestimmt auch selbst, wie die Daten verwendet werden.<\/li><li>Weil wir uns dem Datenschutz verschrieben haben, setzen wir mit fusedeck auf datenschutzfreundliche Tracking-Methoden, die dir Rechtssicherheit verschaffen und gleichzeitig stets die Interessen der User respektieren.<\/li><li>Wir helfen unseren Kunden, ihre Daten besser nutzbar zu machen, zu interpretieren und damit ihr Business nachhaltig zu optimieren. Der Dialog mit unseren Kunden ist dabei ein zentraler Faktor. Wir unterst\u00fctzen mit pers\u00f6nlicher Beratung und kommunizieren auf Augenh\u00f6he mit unseren Kunden.<\/li><li>Wir arbeiten stets als Team und stehen f\u00fcr einen offenen, respektvollen und fairen Umgang innerhalb und ausserhalb unseres Unternehmens ein.<\/li><\/ul>\t\t\t\t\t\t<\/div>\n\t\t\t\t<\/div>\n\t\t\t\t\t<\/div>\n\t\t<\/div>\n\t\t\t\t\t<\/div>\n\t\t<\/section>\n\t\t\t\t<section class=\"elementor-section elementor-top-section elementor-element elementor-element-a085ab1 elementor-section-boxed elementor-section-height-default elementor-section-height-default\" data-id=\"a085ab1\" data-element_type=\"section\">\n\t\t\t\t\t\t<div class=\"elementor-container elementor-column-gap-default\">\n\t\t\t\t\t<div class=\"elementor-column elementor-col-100 elementor-top-column elementor-element elementor-element-33a74f7\" data-id=\"33a74f7\" data-element_type=\"column\">\n\t\t\t<div class=\"elementor-widget-wrap elementor-element-populated\">\n\t\t\t\t\t\t<div class=\"elementor-element elementor-element-4a9a893 elementor-widget elementor-widget-button\" data-id=\"4a9a893\" data-element_type=\"widget\" data-widget_type=\"button.default\">\n\t\t\t\t<div class=\"elementor-widget-container\">\n\t\t\t\t\t<div class=\"elementor-button-wrapper\">\n\t\t\t<a class=\"elementor-button elementor-button-link elementor-size-sm\" href=\"https:\/\/fusedeck.com\/de\/kontakt\/\">\n\t\t\t\t\t\t<span class=\"elementor-button-content-wrapper\">\n\t\t\t\t\t\t\t\t\t<span class=\"elementor-button-text\">Kontakt<\/span>\n\t\t\t\t\t<\/span>\n\t\t\t\t\t<\/a>\n\t\t<\/div>\n\t\t\t\t<\/div>\n\t\t\t\t<\/div>\n\t\t\t\t\t<\/div>\n\t\t<\/div>\n\t\t\t\t\t<\/div>\n\t\t<\/section>\n\t\t\t\t<\/div>\n\t\t","protected":false},"excerpt":{"rendered":"<p>Jobs Werde Teil unseres Teams Du hast kein Stellenangebot gefunden, das zu Deinem Profil passt? Dann schicke uns gerne Deine aussagekr\u00e4ftige Initiativbewerbung und wir werden uns zeitnah mit Dir in Verbindung setzen. Bewerbung an: marina.albin@cptr.com Was dich erwartet Unsere Software &hellip; <a href=\"https:\/\/fusedeck.com\/de\/ueber-uns\/jobs\/\">Read More<\/a><\/p>\n","protected":false},"author":4,"featured_media":0,"parent":741,"menu_order":0,"comment_status":"closed","ping_status":"closed","template":"","meta":{"footnotes":""},"class_list":["post-1846","page","type-page","status-publish","hentry"],"yoast_head":"<!-- This site is optimized with the Yoast SEO plugin v23.4 - https:\/\/yoast.com\/wordpress\/plugins\/seo\/ -->\n<title>Jobs - fusedeck<\/title>\n<meta name=\"robots\" content=\"index, follow, max-snippet:-1, max-image-preview:large, max-video-preview:-1\" \/>\n<link rel=\"canonical\" href=\"https:\/\/fusedeck.com\/de\/ueber-uns\/jobs\/\" \/>\n<meta property=\"og:locale\" content=\"de_DE\" \/>\n<meta property=\"og:type\" content=\"article\" \/>\n<meta property=\"og:title\" content=\"Jobs - fusedeck\" \/>\n<meta property=\"og:description\" content=\"Jobs Werde Teil unseres Teams Du hast kein Stellenangebot gefunden, das zu Deinem Profil passt? Dann schicke uns gerne Deine aussagekr\u00e4ftige Initiativbewerbung und wir werden uns zeitnah mit Dir in Verbindung setzen. Bewerbung an: marina.albin@cptr.com Was dich erwartet Unsere Software &hellip; Read More\" \/>\n<meta property=\"og:url\" content=\"https:\/\/fusedeck.com\/de\/ueber-uns\/jobs\/\" \/>\n<meta property=\"og:site_name\" content=\"fusedeck\" \/>\n<meta property=\"article:modified_time\" content=\"2025-06-19T14:51:00+00:00\" \/>\n<meta property=\"og:image\" content=\"https:\/\/fusedeck.com\/wp-content\/uploads\/2023\/03\/fusedeck_og-image1-3.png\" \/>\n\t<meta property=\"og:image:width\" content=\"1200\" \/>\n\t<meta property=\"og:image:height\" content=\"630\" \/>\n\t<meta property=\"og:image:type\" content=\"image\/png\" \/>\n<meta name=\"twitter:card\" content=\"summary_large_image\" \/>\n<meta name=\"twitter:label1\" content=\"Gesch\u00e4tzte Lesezeit\" \/>\n\t<meta name=\"twitter:data1\" content=\"2\u00a0Minuten\" \/>\n<script type=\"application\/ld+json\" class=\"yoast-schema-graph\">{\"@context\":\"https:\/\/schema.org\",\"@graph\":[{\"@type\":\"WebPage\",\"@id\":\"https:\/\/fusedeck.com\/de\/ueber-uns\/jobs\/\",\"url\":\"https:\/\/fusedeck.com\/de\/ueber-uns\/jobs\/\",\"name\":\"Jobs - fusedeck\",\"isPartOf\":{\"@id\":\"https:\/\/fusedeck.com\/de\/#website\"},\"datePublished\":\"2021-05-13T14:28:05+00:00\",\"dateModified\":\"2025-06-19T14:51:00+00:00\",\"breadcrumb\":{\"@id\":\"https:\/\/fusedeck.com\/de\/ueber-uns\/jobs\/#breadcrumb\"},\"inLanguage\":\"de\",\"potentialAction\":[{\"@type\":\"ReadAction\",\"target\":[\"https:\/\/fusedeck.com\/de\/ueber-uns\/jobs\/\"]}]},{\"@type\":\"BreadcrumbList\",\"@id\":\"https:\/\/fusedeck.com\/de\/ueber-uns\/jobs\/#breadcrumb\",\"itemListElement\":[{\"@type\":\"ListItem\",\"position\":1,\"name\":\"Home\",\"item\":\"https:\/\/fusedeck.com\/de\/\"},{\"@type\":\"ListItem\",\"position\":2,\"name\":\"\u00dcber uns\",\"item\":\"https:\/\/fusedeck.com\/en\/about-us\/\"},{\"@type\":\"ListItem\",\"position\":3,\"name\":\"Jobs\"}]},{\"@type\":\"WebSite\",\"@id\":\"https:\/\/fusedeck.com\/de\/#website\",\"url\":\"https:\/\/fusedeck.com\/de\/\",\"name\":\"fusedeck\",\"description\":\"engagement tracking, tag manager, audience builder, campaign manager and website analytics\",\"publisher\":{\"@id\":\"https:\/\/fusedeck.com\/de\/#organization\"},\"potentialAction\":[{\"@type\":\"SearchAction\",\"target\":{\"@type\":\"EntryPoint\",\"urlTemplate\":\"https:\/\/fusedeck.com\/de\/?s={search_term_string}\"},\"query-input\":{\"@type\":\"PropertyValueSpecification\",\"valueRequired\":true,\"valueName\":\"search_term_string\"}}],\"inLanguage\":\"de\"},{\"@type\":\"Organization\",\"@id\":\"https:\/\/fusedeck.com\/de\/#organization\",\"name\":\"fusedeck\",\"url\":\"https:\/\/fusedeck.com\/de\/\",\"logo\":{\"@type\":\"ImageObject\",\"inLanguage\":\"de\",\"@id\":\"https:\/\/fusedeck.com\/de\/#\/schema\/logo\/image\/\",\"url\":\"https:\/\/fusedeck.com\/wp-content\/uploads\/2024\/08\/fusedeck_negative_transparent_gepfaded.svg\",\"contentUrl\":\"https:\/\/fusedeck.com\/wp-content\/uploads\/2024\/08\/fusedeck_negative_transparent_gepfaded.svg\",\"width\":1393,\"height\":360,\"caption\":\"fusedeck\"},\"image\":{\"@id\":\"https:\/\/fusedeck.com\/de\/#\/schema\/logo\/image\/\"}}]}<\/script>\n<!-- \/ Yoast SEO plugin. -->","yoast_head_json":{"title":"Jobs - fusedeck","robots":{"index":"index","follow":"follow","max-snippet":"max-snippet:-1","max-image-preview":"max-image-preview:large","max-video-preview":"max-video-preview:-1"},"canonical":"https:\/\/fusedeck.com\/de\/ueber-uns\/jobs\/","og_locale":"de_DE","og_type":"article","og_title":"Jobs - fusedeck","og_description":"Jobs Werde Teil unseres Teams Du hast kein Stellenangebot gefunden, das zu Deinem Profil passt? Dann schicke uns gerne Deine aussagekr\u00e4ftige Initiativbewerbung und wir werden uns zeitnah mit Dir in Verbindung setzen. Bewerbung an: marina.albin@cptr.com Was dich erwartet Unsere Software &hellip; Read More","og_url":"https:\/\/fusedeck.com\/de\/ueber-uns\/jobs\/","og_site_name":"fusedeck","article_modified_time":"2025-06-19T14:51:00+00:00","og_image":[{"width":1200,"height":630,"url":"https:\/\/fusedeck.com\/wp-content\/uploads\/2023\/03\/fusedeck_og-image1-3.png","type":"image\/png"}],"twitter_card":"summary_large_image","twitter_misc":{"Gesch\u00e4tzte Lesezeit":"2\u00a0Minuten"},"schema":{"@context":"https:\/\/schema.org","@graph":[{"@type":"WebPage","@id":"https:\/\/fusedeck.com\/de\/ueber-uns\/jobs\/","url":"https:\/\/fusedeck.com\/de\/ueber-uns\/jobs\/","name":"Jobs - fusedeck","isPartOf":{"@id":"https:\/\/fusedeck.com\/de\/#website"},"datePublished":"2021-05-13T14:28:05+00:00","dateModified":"2025-06-19T14:51:00+00:00","breadcrumb":{"@id":"https:\/\/fusedeck.com\/de\/ueber-uns\/jobs\/#breadcrumb"},"inLanguage":"de","potentialAction":[{"@type":"ReadAction","target":["https:\/\/fusedeck.com\/de\/ueber-uns\/jobs\/"]}]},{"@type":"BreadcrumbList","@id":"https:\/\/fusedeck.com\/de\/ueber-uns\/jobs\/#breadcrumb","itemListElement":[{"@type":"ListItem","position":1,"name":"Home","item":"https:\/\/fusedeck.com\/de\/"},{"@type":"ListItem","position":2,"name":"\u00dcber uns","item":"https:\/\/fusedeck.com\/en\/about-us\/"},{"@type":"ListItem","position":3,"name":"Jobs"}]},{"@type":"WebSite","@id":"https:\/\/fusedeck.com\/de\/#website","url":"https:\/\/fusedeck.com\/de\/","name":"fusedeck","description":"engagement tracking, tag manager, audience builder, campaign manager and website analytics","publisher":{"@id":"https:\/\/fusedeck.com\/de\/#organization"},"potentialAction":[{"@type":"SearchAction","target":{"@type":"EntryPoint","urlTemplate":"https:\/\/fusedeck.com\/de\/?s={search_term_string}"},"query-input":{"@type":"PropertyValueSpecification","valueRequired":true,"valueName":"search_term_string"}}],"inLanguage":"de"},{"@type":"Organization","@id":"https:\/\/fusedeck.com\/de\/#organization","name":"fusedeck","url":"https:\/\/fusedeck.com\/de\/","logo":{"@type":"ImageObject","inLanguage":"de","@id":"https:\/\/fusedeck.com\/de\/#\/schema\/logo\/image\/","url":"https:\/\/fusedeck.com\/wp-content\/uploads\/2024\/08\/fusedeck_negative_transparent_gepfaded.svg","contentUrl":"https:\/\/fusedeck.com\/wp-content\/uploads\/2024\/08\/fusedeck_negative_transparent_gepfaded.svg","width":1393,"height":360,"caption":"fusedeck"},"image":{"@id":"https:\/\/fusedeck.com\/de\/#\/schema\/logo\/image\/"}}]}},"_links":{"self":[{"href":"https:\/\/fusedeck.com\/de\/wp-json\/wp\/v2\/pages\/1846","targetHints":{"allow":["GET"]}}],"collection":[{"href":"https:\/\/fusedeck.com\/de\/wp-json\/wp\/v2\/pages"}],"about":[{"href":"https:\/\/fusedeck.com\/de\/wp-json\/wp\/v2\/types\/page"}],"author":[{"embeddable":true,"href":"https:\/\/fusedeck.com\/de\/wp-json\/wp\/v2\/users\/4"}],"replies":[{"embeddable":true,"href":"https:\/\/fusedeck.com\/de\/wp-json\/wp\/v2\/comments?post=1846"}],"version-history":[{"count":31,"href":"https:\/\/fusedeck.com\/de\/wp-json\/wp\/v2\/pages\/1846\/revisions"}],"predecessor-version":[{"id":10630,"href":"https:\/\/fusedeck.com\/de\/wp-json\/wp\/v2\/pages\/1846\/revisions\/10630"}],"up":[{"embeddable":true,"href":"https:\/\/fusedeck.com\/de\/wp-json\/wp\/v2\/pages\/741"}],"wp:attachment":[{"href":"https:\/\/fusedeck.com\/de\/wp-json\/wp\/v2\/media?parent=1846"}],"curies":[{"name":"wp","href":"https:\/\/api.w.org\/{rel}","templated":true}]}}