{"id":4905,"date":"2022-12-07T14:49:48","date_gmt":"2022-12-07T14:49:48","guid":{"rendered":"https:\/\/fusedeck.com\/?page_id=4905"},"modified":"2025-05-23T13:24:22","modified_gmt":"2025-05-23T11:24:22","slug":"agb","status":"publish","type":"page","link":"https:\/\/fusedeck.com\/de\/agb\/","title":{"rendered":"Allgemeine Gesch\u00e4ftsbedingungen (AGB)"},"content":{"rendered":"\t\t<div data-elementor-type=\"wp-page\" data-elementor-id=\"4905\" class=\"elementor elementor-4905\" data-elementor-post-type=\"page\">\n\t\t\t\t\t\t<section class=\"elementor-section elementor-top-section elementor-element elementor-element-65c4782 elementor-section-boxed elementor-section-height-default elementor-section-height-default\" data-id=\"65c4782\" data-element_type=\"section\">\n\t\t\t\t\t\t<div class=\"elementor-container elementor-column-gap-default\">\n\t\t\t\t\t<div class=\"elementor-column elementor-col-100 elementor-top-column elementor-element elementor-element-3edcddf\" data-id=\"3edcddf\" data-element_type=\"column\">\n\t\t\t<div class=\"elementor-widget-wrap elementor-element-populated\">\n\t\t\t\t\t\t<div class=\"elementor-element elementor-element-4083a63 elementor-widget elementor-widget-heading\" data-id=\"4083a63\" data-element_type=\"widget\" data-widget_type=\"heading.default\">\n\t\t\t\t<div class=\"elementor-widget-container\">\n\t\t\t<h2 class=\"elementor-heading-title elementor-size-default\">Allgemeine Gesch\u00e4ftsbedingungen (AGB)<\/h2>\t\t<\/div>\n\t\t\t\t<\/div>\n\t\t\t\t\t<\/div>\n\t\t<\/div>\n\t\t\t\t\t<\/div>\n\t\t<\/section>\n\t\t\t\t<section class=\"elementor-section elementor-top-section elementor-element elementor-element-e5a2313 elementor-section-boxed elementor-section-height-default elementor-section-height-default\" data-id=\"e5a2313\" data-element_type=\"section\">\n\t\t\t\t\t\t<div class=\"elementor-container elementor-column-gap-default\">\n\t\t\t\t\t<div class=\"elementor-column elementor-col-100 elementor-top-column elementor-element elementor-element-989db27\" data-id=\"989db27\" data-element_type=\"column\">\n\t\t\t<div class=\"elementor-widget-wrap elementor-element-populated\">\n\t\t\t\t\t\t<div class=\"elementor-element elementor-element-00fc34f elementor-widget-divider--view-line elementor-widget elementor-widget-divider\" data-id=\"00fc34f\" data-element_type=\"widget\" data-widget_type=\"divider.default\">\n\t\t\t\t<div class=\"elementor-widget-container\">\n\t\t\t\t\t<div class=\"elementor-divider\">\n\t\t\t<span class=\"elementor-divider-separator\">\n\t\t\t\t\t\t<\/span>\n\t\t<\/div>\n\t\t\t\t<\/div>\n\t\t\t\t<\/div>\n\t\t\t\t\t<\/div>\n\t\t<\/div>\n\t\t\t\t\t<\/div>\n\t\t<\/section>\n\t\t\t\t<section class=\"elementor-section elementor-top-section elementor-element elementor-element-024573a elementor-section-boxed elementor-section-height-default elementor-section-height-default\" data-id=\"024573a\" data-element_type=\"section\">\n\t\t\t\t\t\t<div class=\"elementor-container elementor-column-gap-default\">\n\t\t\t\t\t<div class=\"elementor-column elementor-col-66 elementor-top-column elementor-element elementor-element-e1b1f4e\" data-id=\"e1b1f4e\" data-element_type=\"column\">\n\t\t\t<div class=\"elementor-widget-wrap elementor-element-populated\">\n\t\t\t\t\t\t<div class=\"elementor-element elementor-element-71857ca elementor-widget elementor-widget-text-editor\" data-id=\"71857ca\" data-element_type=\"widget\" data-widget_type=\"text-editor.default\">\n\t\t\t\t<div class=\"elementor-widget-container\">\n\t\t\t\t\t\t\t<p>fusedeck ist eine Tracking-L\u00f6sung f\u00fcr die Analyse und Optimierung von digitalen Kampagnen und Angeboten. Anbieterin von fusedeck ist die schweizerische cptr AG mit Sitz in Z\u00fcrich (nachfolgend \u00abcptr\u00bb).<\/p>\n<p>Diese Allgemeinen Gesch\u00e4ftsbedingungen (AGB) regeln die Rechte und Pflichten sowohl von cptr als auch der Nutzerinnen und Nutzer von fusedeck (nachfolgend gemeinsam die \u00abNutzerinnen\u00bb). F\u00fcr einzelne oder zus\u00e4tzliche Funktionen und Leistungen k\u00f6nnen erg\u00e4nzende oder weitere Bedingungen und sonstige rechtliche Dokumente bestehen.<\/p>\n<h2>1. Funktionen und Leistungen<\/h2>\n<p>1.1 cptr betreibt fusedeck im Auftrag der Nutzerinnen als Cloud-Dienst beziehungsweise als Software-as-a-Service (SaaS)-Angebot. cptr stellt den Nutzerinnen den Zugang zur jeweils aktuellen Version von fusedeck gegen Entgelt zur Verf\u00fcgung. fusedeck wird von cptr als Private Cloud und als Public Cloud angeboten.<\/p><p><span style=\"color: inherit; font-family: inherit; font-size: inherit; font-style: inherit; font-weight: inherit;\">1.2 Der Funktions- und Leistungsumfang sowie das Entgelt richten sich nach den jeweiligen vertraglichen Vereinbarungen zwischen cptr und einzelnen Nutzerinnen. cptr kann entsprechende Angaben auf ihrer Website ver\u00f6ffentlichen und darauf verweisen.<\/span><\/p><p><span style=\"color: inherit; font-family: inherit; font-size: inherit; font-style: inherit; font-weight: inherit;\">1.3 cptr betreibt im Auftrag der Nutzerinnen die Infrastruktur f\u00fcr fusedeck, speichert die Daten der Nutzerinnen und leistet den Nutzerinnen angemessene Unterst\u00fctzung bei der Nutzung von fusedeck. Im \u00dcbrigen kann cptr ihre Beratungsleistungen sowie Unterst\u00fctzungsleistungen gegen Entgelt anbieten. cptr ist berechtigt, alle oder einzelne Leistungen im Zusammenhang mit fusedeck durch beigezogene Dritte erbringen zu lassen.<\/span><\/p><p><span style=\"color: inherit; font-family: inherit; font-size: inherit; font-style: inherit; font-weight: inherit;\">1.4 cptr ist berechtigt, fusedeck insgesamt oder in Bezug auf einzelne Funktionen und Leistungen anzupassen oder weiterzuentwickeln. cptr informiert die Nutzerinnen in geeigneter Form \u00fcber massgebliche Anpassungen. Sofern eine massgebliche Anpassung f\u00fcr einzelne Nutzerinnen unzumutbar ist, k\u00f6nnen sie ausserordentlich mit einer Frist von 21 Tagen auf Monatsende schriftlich k\u00fcndigen.<\/span><\/p><p><span style=\"color: inherit; font-family: inherit; font-size: inherit; font-style: inherit; font-weight: inherit;\">1.5 cptr ist berechtigt, den Nutzerinnen Mitteilungen im Zusammenhang mit fusedeck per E-Mail, Instant Messaging und \u00fcber sonstige Kommunikationskan\u00e4le zu senden. Solche Mitteilungen k\u00f6nnen auch Werbung f\u00fcr Funktionen und Leistungen von fusedeck enthalten. Die Nutzerinnen k\u00f6nnen dem Empfang von Mitteilungen, die Werbung enthalten, jederzeit widersprechen (\u00abOpt-out\u00bb).<\/span><\/p>\n<h2>2. Nutzung von fusedeck<\/h2>\n<p>2.1 cptr r\u00e4umt den Nutzerinnen w\u00e4hrend der jeweiligen Vertragsdauer ein nicht ausschliessliches, entgeltliches, nicht \u00fcbertragbares und nicht unterlizenzierbares Nutzungsrecht an fusedeck f\u00fcr ausschliesslich eigene Zwecke ein. Das Nutzungsrecht ist auf die rechtskonforme und vereinbarungsgem\u00e4sse Nutzung von fusedeck durch die einzelnen Nutzerinnen beschr\u00e4nkt. cptr kann weitere Nutzungsbeschr\u00e4nkungen vorsehen sowie auf allf\u00e4llige Bedingungen und Rechte von Dritten verweisen, insbesondere im Zusammenhang mit Freier Open Source-Software (FOSS).<\/p><p><span style=\"color: inherit; font-family: inherit; font-size: inherit; font-style: inherit; font-weight: inherit;\">2.2 S\u00e4mtliche Immaterialg\u00fcterrechte und sonstigen Rechte an fusedeck, welche f\u00fcr die Nutzung von fusedeck einger\u00e4umt werden, verbleiben bei cptr oder allf\u00e4lligen sonstigen Rechteinhabern. Die Nutzerinnen erwerben insbesondere keine Rechte an der fusedeck-Software oder am Know-how von cptr im Zusammenhang mit fusedeck.<\/span><\/p><p><span style=\"color: inherit; font-family: inherit; font-size: inherit; font-style: inherit; font-weight: inherit;\">2.3 cptr stellt den Nutzerinnen individuelle Nutzerkonten zur Verf\u00fcgung. Die Nutzerinnen sind verpflichtet, mit angemessenen technischen und organisatorischen Massnahmen eine missbr\u00e4uchliche Nutzung ihrer Nutzerkonten zu verhindern.<\/span><\/p><p><span style=\"color: inherit; font-family: inherit; font-size: inherit; font-style: inherit; font-weight: inherit;\">2.4 cptr speichert die Daten der Nutzerinnen w\u00e4hrend der jeweiligen Vertragsdauer. Die Daten geh\u00f6ren zum Rechtsbereich der einzelnen Nutzerinnen, die ausschliesslich f\u00fcr die Speicherung und sonstige Bearbeitung solcher Daten verantwortlich sind. Bei der Bearbeitung von Personendaten sind die Nutzerinnen zu einer strikten Einhaltung des anwendbaren Datenschutzrechts verpflichtet.<\/span><\/p><p><span style=\"color: inherit; font-family: inherit; font-size: inherit; font-style: inherit; font-weight: inherit;\">2.5 cptr trifft angemessene Massnahmen gegen Datenverlust und zur Gew\u00e4hrleistung der Datensicherheit. Die Datensicherung obliegt den einzelnen Nutzerinnen. Sofern und soweit cptr nicht gesetzlich oder aus anderen Gr\u00fcnden zur Aufbewahrung solcher Daten verpflichtet ist, ist cptr berechtigt, die Daten nach Vertragsende zu l\u00f6schen.<\/span><\/p><p><span style=\"color: inherit; font-family: inherit; font-size: inherit; font-style: inherit; font-weight: inherit;\">2.6 Jegliche Nutzung von fusedeck in rechtswidriger Art und Weise oder zu rechtswidrigen Zwecken ist untersagt. Es obliegt den Nutzerinnen insbesondere zu gew\u00e4hrleisten, dass das anwendbare Datenschutz- und Telekommunikationsrecht eingehalten wird sowie keine Rechte Dritter verletzt werden.<\/span><\/p><p><span style=\"color: inherit; font-family: inherit; font-size: inherit; font-style: inherit; font-weight: inherit;\">2.7 Die Nutzerinnen halten cptr f\u00fcr s\u00e4mtliche Aufwendungen und Kosten sowie f\u00fcr jegliche Haftung schadlos, die durch eine rechtswidrige Nutzung von fusedeck entstehen. Solche Kosten umfassen ausdr\u00fccklich die Kosten f\u00fcr die anwaltliche Beratung und Vertretung sowie f\u00fcr beh\u00f6rdliche und gerichtliche Verfahren, die cptr f\u00fcr erforderlich h\u00e4lt. Nutzerinnen stellen cptr im \u00dcbrigen von s\u00e4mtlichen Anspr\u00fcchen anderer Nutzerinnen sowie allf\u00e4lliger Dritter frei, sofern und soweit solche Anspr\u00fcche im Zusammenhang mit ihrer Nutzung von fusedeck stehen. cptr ist jederzeit berechtigt, mutmasslich rechtswidrige Daten zu l\u00f6schen.<\/span><\/p><p><span style=\"color: inherit; font-family: inherit; font-size: inherit; font-style: inherit; font-weight: inherit;\">2.8 cptr ist jederzeit berechtigt, Nutzerinnen den Zugang zu fusedeck bei einer Verletzung dieser AGB oder sonstigen vertraglichen Vereinbarungen sowie bei einem Verdacht auf missbr\u00e4uchliche Nutzung zu sperren.<\/span><\/p><p><span style=\"color: inherit; font-family: inherit; font-size: 35px; font-style: inherit; font-weight: inherit;\">3. Verg\u00fctung<\/span><\/p>\n<p>3.1 Die Nutzerinnen verpflichten sich, jederzeit s\u00e4mtlichen finanziellen Verpflichtungen gegen\u00fcber cptr fristgerecht und vollumf\u00e4nglich nachzukommen. Jegliches Entgelt ist mit einer Zahlungsfrist von 30 Tagen geschuldet, sofern cptr keine andere Zahlungsfrist genannt hat. cptr ist berechtigt, die Nutzung von fusedeck von Akonto- oder Vorauszahlungen abh\u00e4ngig zu machen. Rechnungen, die nicht innerhalb von 30 Tagen beanstandet werden, gelten als genehmigt.<\/p><p><span style=\"color: inherit; font-family: inherit; font-size: inherit; font-style: inherit; font-weight: inherit;\">3.2 Einzelne Nutzerinnen geraten bei nicht fristgerechter Bezahlung ohne Zahlungserinnerung automatisch in Verzug. cptr ist bei Verzug berechtigt, einen Verzugszins von 5.0 % pro Jahr zu verrechnen. cptr ist berechtigt, s\u00e4umigen Nutzerinnen den Zugang zu fusedeck zu sperren. cptr ist berechtigt, Forderungen gegen\u00fcber Nutzerinnen zustimmungsfrei an Dritte abzutreten. Die Verrechnung von Forderungen durch Nutzerinnen ist ohne schriftliche Zustimmung von cptr ausgeschlossen.<\/span><\/p><h2><span style=\"color: inherit; font-family: inherit; font-size: inherit; font-style: inherit; font-weight: inherit;\">4. Gew\u00e4hrleistung und Haftung<\/span><\/h2>\n<p>4.1 cptr erbringt ihre Leistungen fachm\u00e4nnisch und sorgf\u00e4ltig. cptr bem\u00fcht sich, dass der vertragliche vereinbarte Funktions- und Leistungsumfang von fusedeck w\u00e4hrend der jeweiligen Vertragslaufzeit genutzt werden kann. Bei M\u00e4ngeln, die Nutzerinnen unverz\u00fcglich nach deren Feststellung cptr dokumentiert mitteilen, bem\u00fcht sich cptr, solche M\u00e4ngel innert angemessener Frist und mit angemessenen Massnahmen zu beheben.<\/p><p><span style=\"color: inherit; font-family: inherit; font-size: inherit; font-style: inherit; font-weight: inherit;\">4.2 cptr bem\u00fcht sich um eine hohe Verf\u00fcgbarkeit und Zuverl\u00e4ssigkeit von fusedeck, kann aber nicht garantieren, dass fusedeck fehlerfrei ist oder dauerhaft und jederzeit mit vollem Funktions- und Leistungsumfang verf\u00fcgbar ist. cptr ist berechtigt, den Zugang zu fusedeck f\u00fcr Wartungsarbeiten zu unterbrechen. cptr plant Wartungsarbeiten nach M\u00f6glichkeit im Zeitraum zwischen 22 Uhr und 6 Uhr (Lokalzeit in der Schweiz) und informiert die Nutzerinnen \u00fcber geplante Wartungsfenster.<\/span><\/p><p><span style=\"color: inherit; font-family: inherit; font-size: inherit; font-style: inherit; font-weight: inherit;\">4.3 cptr haftet ausschliesslich f\u00fcr direkte Sach- und Verm\u00f6genssch\u00e4den, die cptr bei Erf\u00fcllung der vertraglichen Vereinbarungen mit einzelnen Nutzerinnen schuldhaft verursacht hat. Die Haftung ist weiter auf den Umfang des j\u00e4hrlichen Entgeltes, das eine betroffene einzelne Nutzerin f\u00fcr die betreffenden Leistungen zu bezahlen hat, beschr\u00e4nkt.<\/span><\/p><p><span style=\"color: inherit; font-family: inherit; font-size: inherit; font-style: inherit; font-weight: inherit;\">4.4 Jegliche Haftung von cptr oder ihren Hilfspersonen f\u00fcr andere oder weitergehende Anspr\u00fcche und Sch\u00e4den, insbesondere Anspr\u00fcche auf Ersatz von indirekten, mittelbaren oder Folgesch\u00e4den, entgangenen Gewinn, entgangene Nutzung, nicht realisierte Einsparungen sowie Betriebs- oder Verdienstausf\u00e4lle, ist ausdr\u00fccklich ausgeschlossen. cptr haftet in keinem Fall f\u00fcr rechtswidrig gespeicherte oder anderweitig bearbeitete Daten von Nutzerinnen oder f\u00fcr die rechtswidrige sowie anderweitig missbr\u00e4uchliche Verwendung von Daten durch Nutzerinnen.<\/span><\/p><p><span style=\"color: inherit; font-family: inherit; font-size: inherit; font-style: inherit; font-weight: inherit;\">4.5 Die Beschr\u00e4nkungen der Haftung gem\u00e4ss diesen AGB gelten unabh\u00e4ngig vom jeweiligen Rechtsgrund. Eine allenfalls weitergehende zwingende Haftung, insbesondere f\u00fcr Personensch\u00e4den sowie f\u00fcr grobe Fahrl\u00e4ssigkeit oder f\u00fcr Vorsatz, bleibt vorbehalten.<\/span><\/p><p><span style=\"color: inherit; font-family: inherit; font-size: 35px; font-style: inherit; font-weight: inherit;\">5. Vertragsdauer<\/span><\/p>\n<p>5.1 Vertragsbeginn und Vertragsdauer richten sich nach den vertraglichen Vereinbarungen zwischen den Parteien. Ohne entsprechende Vereinbarungen beginnt der Vertrag mit dem gew\u00e4hrten Zugang zu fusedeck und die Vertragslaufzeit ist unbeschr\u00e4nkt. Mit Vertragsende wird der Zugriff auf fusedeck gesperrt.<\/p><p><span style=\"color: inherit; font-family: inherit; font-size: inherit; font-style: inherit; font-weight: inherit;\">5.2 Der Vertrag wird auf unbestimmte Zeit geschlossen, mindestens jedoch f\u00fcr die Dauer von 12 Monaten ab dem Zeitpunkt der Unterzeichnung. Nach Ablauf der vereinbarten Mindestlaufzeit kann der Vertrag von beiden Seiten jeweils mit einer K\u00fcndigungsfrist von einem Monat zum Ende der jeweiligen Vertragslaufzeit schriftlich gek\u00fcndigt werden. Wird der Vertrag nicht fristgerecht gek\u00fcndigt, so verl\u00e4ngert sich die Vertragslaufzeit jeweils um weitere 12 Monate.<\/span><\/p><p><span style=\"color: inherit; font-family: inherit; font-size: inherit; font-style: inherit; font-weight: inherit;\">5.3 Der Vertrag kann von den Nutzerinnen ausserordentlich mit einer K\u00fcndigungsfrist von 10 Tagen auf Monatsende aus wichtigem Grund gek\u00fcndigt werden, wenn cptr den wichtigen Grund trotz Abmahnung nicht innerhalb einer angemessenen Frist von mindestens 30 Tagen behoben hat. Abmahnung und K\u00fcndigung m\u00fcssen schriftlich erfolgen.<\/span><\/p><p><span style=\"color: inherit; font-family: inherit; font-size: 35px; font-style: inherit; font-weight: inherit;\">6. Schlussbestimmungen<\/span><\/p>\n<p>6.1 cptr ist berechtigt, einzelne oder alle Rechte und Pflichten aus diesen AGB durch Dritte aus\u00fcben zu lassen oder an Dritte zu \u00fcbertragen.<\/p><p><span style=\"color: inherit; font-family: inherit; font-size: inherit; font-style: inherit; font-weight: inherit;\">6.2 Sollten einzelne Bestimmungen dieser AGB unwirksam oder nichtig sein, so wird die Geltung der \u00fcbrigen Bestimmungen dieser AGB davon nicht ber\u00fchrt. Eine unwirksame oder nichtige Bestimmung ist durch eine rechtlich zul\u00e4ssige Bestimmung zu ersetzen, die dem urspr\u00fcnglichen Zweck wirtschaftlich am n\u00e4chsten kommt.<\/span><\/p><p><span style=\"color: inherit; font-family: inherit; font-size: inherit; font-style: inherit; font-weight: inherit;\">6.3 cptr ist jederzeit berechtigt, diese AGB ohne Angabe von Gr\u00fcnden anzupassen. Die Nutzerinnen werden in geeigneter Form \u00fcber massgebliche \u00c4nderungen dieser AGB informiert.<\/span><\/p><p><span style=\"color: inherit; font-family: inherit; font-size: inherit; font-style: inherit; font-weight: inherit;\">6.4 Diese AGB unterstehen ausschliesslich schweizerischem Recht mit ausschliesslichem Erf\u00fcllungsort und Gerichtsstand am Sitz von cptr.<\/span><\/p>\t\t\t\t\t\t<\/div>\n\t\t\t\t<\/div>\n\t\t\t\t\t<\/div>\n\t\t<\/div>\n\t\t\t\t<div class=\"elementor-column elementor-col-33 elementor-top-column elementor-element elementor-element-82d1c8c\" data-id=\"82d1c8c\" data-element_type=\"column\">\n\t\t\t<div class=\"elementor-widget-wrap\">\n\t\t\t\t\t\t\t<\/div>\n\t\t<\/div>\n\t\t\t\t\t<\/div>\n\t\t<\/section>\n\t\t\t\t<\/div>\n\t\t","protected":false},"excerpt":{"rendered":"<p>Allgemeine Gesch\u00e4ftsbedingungen (AGB) fusedeck ist eine Tracking-L\u00f6sung f\u00fcr die Analyse und Optimierung von digitalen Kampagnen und Angeboten. Anbieterin von fusedeck ist die schweizerische cptr AG mit Sitz in Z\u00fcrich (nachfolgend \u00abcptr\u00bb). Diese Allgemeinen Gesch\u00e4ftsbedingungen (AGB) regeln die Rechte und Pflichten &hellip; <a href=\"https:\/\/fusedeck.com\/de\/agb\/\">Read More<\/a><\/p>\n","protected":false},"author":4,"featured_media":0,"parent":0,"menu_order":0,"comment_status":"closed","ping_status":"closed","template":"","meta":{"footnotes":""},"class_list":["post-4905","page","type-page","status-publish","hentry"],"yoast_head":"<!-- This site is optimized with the Yoast SEO plugin v23.4 - https:\/\/yoast.com\/wordpress\/plugins\/seo\/ -->\n<title>Allgemeine Gesch\u00e4ftsbedingungen (AGB) - fusedeck<\/title>\n<meta name=\"robots\" content=\"index, follow, max-snippet:-1, max-image-preview:large, max-video-preview:-1\" \/>\n<link rel=\"canonical\" href=\"https:\/\/fusedeck.com\/de\/agb\/\" \/>\n<meta property=\"og:locale\" content=\"de_DE\" \/>\n<meta property=\"og:type\" content=\"article\" \/>\n<meta property=\"og:title\" content=\"Allgemeine Gesch\u00e4ftsbedingungen (AGB) - fusedeck\" \/>\n<meta property=\"og:description\" content=\"Allgemeine Gesch\u00e4ftsbedingungen (AGB) fusedeck ist eine Tracking-L\u00f6sung f\u00fcr die Analyse und Optimierung von digitalen Kampagnen und Angeboten. Anbieterin von fusedeck ist die schweizerische cptr AG mit Sitz in Z\u00fcrich (nachfolgend \u00abcptr\u00bb). Diese Allgemeinen Gesch\u00e4ftsbedingungen (AGB) regeln die Rechte und Pflichten &hellip; Read More\" \/>\n<meta property=\"og:url\" content=\"https:\/\/fusedeck.com\/de\/agb\/\" \/>\n<meta property=\"og:site_name\" content=\"fusedeck\" \/>\n<meta property=\"article:modified_time\" content=\"2025-05-23T11:24:22+00:00\" \/>\n<meta property=\"og:image\" content=\"https:\/\/fusedeck.com\/wp-content\/uploads\/2023\/03\/fusedeck_og-image1-3.png\" \/>\n\t<meta property=\"og:image:width\" content=\"1200\" \/>\n\t<meta property=\"og:image:height\" content=\"630\" \/>\n\t<meta property=\"og:image:type\" content=\"image\/png\" \/>\n<meta name=\"twitter:card\" content=\"summary_large_image\" \/>\n<meta name=\"twitter:label1\" content=\"Gesch\u00e4tzte Lesezeit\" \/>\n\t<meta name=\"twitter:data1\" content=\"6\u00a0Minuten\" \/>\n<script type=\"application\/ld+json\" class=\"yoast-schema-graph\">{\"@context\":\"https:\/\/schema.org\",\"@graph\":[{\"@type\":\"WebPage\",\"@id\":\"https:\/\/fusedeck.com\/de\/agb\/\",\"url\":\"https:\/\/fusedeck.com\/de\/agb\/\",\"name\":\"Allgemeine Gesch\u00e4ftsbedingungen (AGB) - fusedeck\",\"isPartOf\":{\"@id\":\"https:\/\/fusedeck.com\/de\/#website\"},\"datePublished\":\"2022-12-07T14:49:48+00:00\",\"dateModified\":\"2025-05-23T11:24:22+00:00\",\"breadcrumb\":{\"@id\":\"https:\/\/fusedeck.com\/de\/agb\/#breadcrumb\"},\"inLanguage\":\"de\",\"potentialAction\":[{\"@type\":\"ReadAction\",\"target\":[\"https:\/\/fusedeck.com\/de\/agb\/\"]}]},{\"@type\":\"BreadcrumbList\",\"@id\":\"https:\/\/fusedeck.com\/de\/agb\/#breadcrumb\",\"itemListElement\":[{\"@type\":\"ListItem\",\"position\":1,\"name\":\"Home\",\"item\":\"https:\/\/fusedeck.com\/de\/\"},{\"@type\":\"ListItem\",\"position\":2,\"name\":\"Allgemeine Gesch\u00e4ftsbedingungen (AGB)\"}]},{\"@type\":\"WebSite\",\"@id\":\"https:\/\/fusedeck.com\/de\/#website\",\"url\":\"https:\/\/fusedeck.com\/de\/\",\"name\":\"fusedeck\",\"description\":\"engagement tracking, tag manager, audience builder, campaign manager and website analytics\",\"publisher\":{\"@id\":\"https:\/\/fusedeck.com\/de\/#organization\"},\"potentialAction\":[{\"@type\":\"SearchAction\",\"target\":{\"@type\":\"EntryPoint\",\"urlTemplate\":\"https:\/\/fusedeck.com\/de\/?s={search_term_string}\"},\"query-input\":{\"@type\":\"PropertyValueSpecification\",\"valueRequired\":true,\"valueName\":\"search_term_string\"}}],\"inLanguage\":\"de\"},{\"@type\":\"Organization\",\"@id\":\"https:\/\/fusedeck.com\/de\/#organization\",\"name\":\"fusedeck\",\"url\":\"https:\/\/fusedeck.com\/de\/\",\"logo\":{\"@type\":\"ImageObject\",\"inLanguage\":\"de\",\"@id\":\"https:\/\/fusedeck.com\/de\/#\/schema\/logo\/image\/\",\"url\":\"https:\/\/fusedeck.com\/wp-content\/uploads\/2024\/08\/fusedeck_negative_transparent_gepfaded.svg\",\"contentUrl\":\"https:\/\/fusedeck.com\/wp-content\/uploads\/2024\/08\/fusedeck_negative_transparent_gepfaded.svg\",\"width\":1393,\"height\":360,\"caption\":\"fusedeck\"},\"image\":{\"@id\":\"https:\/\/fusedeck.com\/de\/#\/schema\/logo\/image\/\"}}]}<\/script>\n<!-- \/ Yoast SEO plugin. -->","yoast_head_json":{"title":"Allgemeine Gesch\u00e4ftsbedingungen (AGB) - fusedeck","robots":{"index":"index","follow":"follow","max-snippet":"max-snippet:-1","max-image-preview":"max-image-preview:large","max-video-preview":"max-video-preview:-1"},"canonical":"https:\/\/fusedeck.com\/de\/agb\/","og_locale":"de_DE","og_type":"article","og_title":"Allgemeine Gesch\u00e4ftsbedingungen (AGB) - fusedeck","og_description":"Allgemeine Gesch\u00e4ftsbedingungen (AGB) fusedeck ist eine Tracking-L\u00f6sung f\u00fcr die Analyse und Optimierung von digitalen Kampagnen und Angeboten. Anbieterin von fusedeck ist die schweizerische cptr AG mit Sitz in Z\u00fcrich (nachfolgend \u00abcptr\u00bb). Diese Allgemeinen Gesch\u00e4ftsbedingungen (AGB) regeln die Rechte und Pflichten &hellip; Read More","og_url":"https:\/\/fusedeck.com\/de\/agb\/","og_site_name":"fusedeck","article_modified_time":"2025-05-23T11:24:22+00:00","og_image":[{"width":1200,"height":630,"url":"https:\/\/fusedeck.com\/wp-content\/uploads\/2023\/03\/fusedeck_og-image1-3.png","type":"image\/png"}],"twitter_card":"summary_large_image","twitter_misc":{"Gesch\u00e4tzte Lesezeit":"6\u00a0Minuten"},"schema":{"@context":"https:\/\/schema.org","@graph":[{"@type":"WebPage","@id":"https:\/\/fusedeck.com\/de\/agb\/","url":"https:\/\/fusedeck.com\/de\/agb\/","name":"Allgemeine Gesch\u00e4ftsbedingungen (AGB) - fusedeck","isPartOf":{"@id":"https:\/\/fusedeck.com\/de\/#website"},"datePublished":"2022-12-07T14:49:48+00:00","dateModified":"2025-05-23T11:24:22+00:00","breadcrumb":{"@id":"https:\/\/fusedeck.com\/de\/agb\/#breadcrumb"},"inLanguage":"de","potentialAction":[{"@type":"ReadAction","target":["https:\/\/fusedeck.com\/de\/agb\/"]}]},{"@type":"BreadcrumbList","@id":"https:\/\/fusedeck.com\/de\/agb\/#breadcrumb","itemListElement":[{"@type":"ListItem","position":1,"name":"Home","item":"https:\/\/fusedeck.com\/de\/"},{"@type":"ListItem","position":2,"name":"Allgemeine Gesch\u00e4ftsbedingungen (AGB)"}]},{"@type":"WebSite","@id":"https:\/\/fusedeck.com\/de\/#website","url":"https:\/\/fusedeck.com\/de\/","name":"fusedeck","description":"engagement tracking, tag manager, audience builder, campaign manager and website analytics","publisher":{"@id":"https:\/\/fusedeck.com\/de\/#organization"},"potentialAction":[{"@type":"SearchAction","target":{"@type":"EntryPoint","urlTemplate":"https:\/\/fusedeck.com\/de\/?s={search_term_string}"},"query-input":{"@type":"PropertyValueSpecification","valueRequired":true,"valueName":"search_term_string"}}],"inLanguage":"de"},{"@type":"Organization","@id":"https:\/\/fusedeck.com\/de\/#organization","name":"fusedeck","url":"https:\/\/fusedeck.com\/de\/","logo":{"@type":"ImageObject","inLanguage":"de","@id":"https:\/\/fusedeck.com\/de\/#\/schema\/logo\/image\/","url":"https:\/\/fusedeck.com\/wp-content\/uploads\/2024\/08\/fusedeck_negative_transparent_gepfaded.svg","contentUrl":"https:\/\/fusedeck.com\/wp-content\/uploads\/2024\/08\/fusedeck_negative_transparent_gepfaded.svg","width":1393,"height":360,"caption":"fusedeck"},"image":{"@id":"https:\/\/fusedeck.com\/de\/#\/schema\/logo\/image\/"}}]}},"_links":{"self":[{"href":"https:\/\/fusedeck.com\/de\/wp-json\/wp\/v2\/pages\/4905","targetHints":{"allow":["GET"]}}],"collection":[{"href":"https:\/\/fusedeck.com\/de\/wp-json\/wp\/v2\/pages"}],"about":[{"href":"https:\/\/fusedeck.com\/de\/wp-json\/wp\/v2\/types\/page"}],"author":[{"embeddable":true,"href":"https:\/\/fusedeck.com\/de\/wp-json\/wp\/v2\/users\/4"}],"replies":[{"embeddable":true,"href":"https:\/\/fusedeck.com\/de\/wp-json\/wp\/v2\/comments?post=4905"}],"version-history":[{"count":31,"href":"https:\/\/fusedeck.com\/de\/wp-json\/wp\/v2\/pages\/4905\/revisions"}],"predecessor-version":[{"id":10589,"href":"https:\/\/fusedeck.com\/de\/wp-json\/wp\/v2\/pages\/4905\/revisions\/10589"}],"wp:attachment":[{"href":"https:\/\/fusedeck.com\/de\/wp-json\/wp\/v2\/media?parent=4905"}],"curies":[{"name":"wp","href":"https:\/\/api.w.org\/{rel}","templated":true}]}}